{"id":12,"date":"2023-01-24T08:09:55","date_gmt":"2023-01-24T11:09:55","guid":{"rendered":"https:\/\/demosites.royal-elementor-addons.com\/car-repair-v1\/?page_id=12"},"modified":"2025-09-16T16:40:07","modified_gmt":"2025-09-16T19:40:07","slug":"contato","status":"publish","type":"page","link":"https:\/\/volponadvocacia.com.br\/index.php\/contato\/","title":{"rendered":"Contato"},"content":{"rendered":"\t\t<div data-elementor-type=\"wp-page\" data-elementor-id=\"12\" class=\"elementor elementor-12\">\n\t\t\t\t\t\t<section class=\"elementor-section elementor-top-section elementor-element elementor-element-c70fddf elementor-section-height-min-height elementor-section-boxed elementor-section-height-default elementor-section-items-middle wpr-particle-no wpr-jarallax-no wpr-parallax-no wpr-sticky-section-no wpr-equal-height-no\" data-id=\"c70fddf\" data-element_type=\"section\" data-e-type=\"section\" data-settings=\"{&quot;background_background&quot;:&quot;classic&quot;,&quot;shape_divider_bottom&quot;:&quot;tilt&quot;}\">\n\t\t\t\t\t\t\t<div class=\"elementor-background-overlay\"><\/div>\n\t\t\t\t\t\t<div class=\"elementor-shape elementor-shape-bottom\" aria-hidden=\"true\" data-negative=\"false\">\n\t\t\t<svg xmlns=\"http:\/\/www.w3.org\/2000\/svg\" viewBox=\"0 0 1000 100\" preserveAspectRatio=\"none\">\n\t<path class=\"elementor-shape-fill\" d=\"M0,6V0h1000v100L0,6z\"\/>\n<\/svg>\t\t<\/div>\n\t\t\t\t\t<div class=\"elementor-container elementor-column-gap-default\">\n\t\t\t\t\t<div class=\"elementor-column elementor-col-100 elementor-top-column elementor-element elementor-element-86a6471\" data-id=\"86a6471\" data-element_type=\"column\" data-e-type=\"column\">\n\t\t\t<div class=\"elementor-widget-wrap elementor-element-populated\">\n\t\t\t\t\t\t<div class=\"elementor-element elementor-element-1a3b7cb elementor-widget elementor-widget-heading\" data-id=\"1a3b7cb\" data-element_type=\"widget\" data-e-type=\"widget\" data-widget_type=\"heading.default\">\n\t\t\t\t<div class=\"elementor-widget-container\">\n\t\t\t\t\t<h2 class=\"elementor-heading-title elementor-size-default\">Contato<\/h2>\t\t\t\t<\/div>\n\t\t\t\t<\/div>\n\t\t\t\t\t<\/div>\n\t\t<\/div>\n\t\t\t\t\t<\/div>\n\t\t<\/section>\n\t\t\t\t<section class=\"elementor-section elementor-top-section elementor-element elementor-element-87dabd7 elementor-section-boxed elementor-section-height-default elementor-section-height-default wpr-particle-no wpr-jarallax-no wpr-parallax-no wpr-sticky-section-no wpr-equal-height-no elementor-invisible\" data-id=\"87dabd7\" data-element_type=\"section\" data-e-type=\"section\" data-settings=\"{&quot;animation&quot;:&quot;fadeIn&quot;}\">\n\t\t\t\t\t\t<div class=\"elementor-container elementor-column-gap-default\">\n\t\t\t\t\t<div class=\"elementor-column elementor-col-50 elementor-top-column elementor-element elementor-element-531ace1\" data-id=\"531ace1\" data-element_type=\"column\" data-e-type=\"column\">\n\t\t\t<div class=\"elementor-widget-wrap elementor-element-populated\">\n\t\t\t\t\t\t<div class=\"elementor-element elementor-element-4aa13d3 elementor-widget elementor-widget-heading\" data-id=\"4aa13d3\" data-element_type=\"widget\" data-e-type=\"widget\" data-widget_type=\"heading.default\">\n\t\t\t\t<div class=\"elementor-widget-container\">\n\t\t\t\t\t<h2 class=\"elementor-heading-title elementor-size-default\">ENTRE EM CONTATO<\/h2>\t\t\t\t<\/div>\n\t\t\t\t<\/div>\n\t\t\t\t<div class=\"elementor-element elementor-element-a48a877 elementor-widget elementor-widget-text-editor\" data-id=\"a48a877\" data-element_type=\"widget\" data-e-type=\"widget\" data-widget_type=\"text-editor.default\">\n\t\t\t\t<div class=\"elementor-widget-container\">\n\t\t\t\t\t\t\t\t\t<p>Preencha o formul\u00e1rio ao lado e nossa equipe entrar\u00e1 em contato com voc\u00ea em breve. Estamos prontos para oferecer o suporte jur\u00eddico que voc\u00ea precisa, com agilidade e aten\u00e7\u00e3o personalizada.<\/p>\t\t\t\t\t\t\t\t<\/div>\n\t\t\t\t<\/div>\n\t\t\t\t<div class=\"elementor-element elementor-element-e37c5b5 elementor-widget elementor-widget-heading\" data-id=\"e37c5b5\" data-element_type=\"widget\" data-e-type=\"widget\" data-widget_type=\"heading.default\">\n\t\t\t\t<div class=\"elementor-widget-container\">\n\t\t\t\t\t<h2 class=\"elementor-heading-title elementor-size-default\">Volpon Advocacia - Ribeir\u00e3o Preto SP<\/h2>\t\t\t\t<\/div>\n\t\t\t\t<\/div>\n\t\t\t\t<div class=\"elementor-element elementor-element-12b8200 elementor-icon-list--layout-traditional elementor-list-item-link-full_width elementor-widget elementor-widget-icon-list\" data-id=\"12b8200\" data-element_type=\"widget\" data-e-type=\"widget\" data-widget_type=\"icon-list.default\">\n\t\t\t\t<div class=\"elementor-widget-container\">\n\t\t\t\t\t\t\t<ul class=\"elementor-icon-list-items\">\n\t\t\t\t\t\t\t<li class=\"elementor-icon-list-item\">\n\t\t\t\t\t\t\t\t\t\t\t<span class=\"elementor-icon-list-icon\">\n\t\t\t\t\t\t\t<i aria-hidden=\"true\" class=\"fab fa-whatsapp\"><\/i>\t\t\t\t\t\t<\/span>\n\t\t\t\t\t\t\t\t\t\t<span class=\"elementor-icon-list-text\">(16) 99743-0410<\/span>\n\t\t\t\t\t\t\t\t\t<\/li>\n\t\t\t\t\t\t\t\t<li class=\"elementor-icon-list-item\">\n\t\t\t\t\t\t\t\t\t\t\t<span class=\"elementor-icon-list-icon\">\n\t\t\t\t\t\t\t<i aria-hidden=\"true\" class=\"fas fa-phone-alt\"><\/i>\t\t\t\t\t\t<\/span>\n\t\t\t\t\t\t\t\t\t\t<span class=\"elementor-icon-list-text\">(16) 3916-9494<\/span>\n\t\t\t\t\t\t\t\t\t<\/li>\n\t\t\t\t\t\t\t\t<li class=\"elementor-icon-list-item\">\n\t\t\t\t\t\t\t\t\t\t\t<span class=\"elementor-icon-list-icon\">\n\t\t\t\t\t\t\t<i aria-hidden=\"true\" class=\"fas fa-envelope\"><\/i>\t\t\t\t\t\t<\/span>\n\t\t\t\t\t\t\t\t\t\t<span class=\"elementor-icon-list-text\">admvolpon@volponadvocacia.com.br<\/span>\n\t\t\t\t\t\t\t\t\t<\/li>\n\t\t\t\t\t\t\t\t<li class=\"elementor-icon-list-item\">\n\t\t\t\t\t\t\t\t\t\t\t<span class=\"elementor-icon-list-icon\">\n\t\t\t\t\t\t\t<i aria-hidden=\"true\" class=\"fas fa-envelope\"><\/i>\t\t\t\t\t\t<\/span>\n\t\t\t\t\t\t\t\t\t\t<span class=\"elementor-icon-list-text\">financeirovolpon@volponadvocacia.com.br<\/span>\n\t\t\t\t\t\t\t\t\t<\/li>\n\t\t\t\t\t\t\t\t<li class=\"elementor-icon-list-item\">\n\t\t\t\t\t\t\t\t\t\t\t<span class=\"elementor-icon-list-icon\">\n\t\t\t\t\t\t\t<i aria-hidden=\"true\" class=\"fas fa-map-marker-alt\"><\/i>\t\t\t\t\t\t<\/span>\n\t\t\t\t\t\t\t\t\t\t<span class=\"elementor-icon-list-text\">Av. Senador Cesar Vergueiro, 480 - sala 24 e 30 - Ribeir\u00e3o Preto - SP<\/span>\n\t\t\t\t\t\t\t\t\t<\/li>\n\t\t\t\t\t\t<\/ul>\n\t\t\t\t\t\t<\/div>\n\t\t\t\t<\/div>\n\t\t\t\t\t<\/div>\n\t\t<\/div>\n\t\t\t\t<div class=\"elementor-column elementor-col-50 elementor-top-column elementor-element elementor-element-e5812f8\" data-id=\"e5812f8\" data-element_type=\"column\" data-e-type=\"column\" data-settings=\"{&quot;background_background&quot;:&quot;classic&quot;}\">\n\t\t\t<div class=\"elementor-widget-wrap elementor-element-populated\">\n\t\t\t\t\t\t<div class=\"elementor-element elementor-element-e122348 wpr-forms-submit-justify wpr-forms-align-left elementor-widget elementor-widget-wpr-forms\" data-id=\"e122348\" data-element_type=\"widget\" data-e-type=\"widget\" data-widget_type=\"wpr-forms.default\">\n\t\t\t\t<div class=\"elementor-widget-container\">\n\t\t\t\t\t<div class=\"wpr-forms-container wpr-custom-chk-radio\">\n<div class=\"wpcf7 no-js\" id=\"wpcf7-f5-o1\" lang=\"pt-BR\" dir=\"ltr\" data-wpcf7-id=\"5\">\n<div class=\"screen-reader-response\"><p role=\"status\" aria-live=\"polite\" aria-atomic=\"true\"><\/p> <ul><\/ul><\/div>\n<form action=\"\/index.php\/wp-json\/wp\/v2\/pages\/12#wpcf7-f5-o1\" method=\"post\" class=\"wpcf7-form init\" aria-label=\"Formul\u00e1rios de contato\" novalidate=\"novalidate\" data-status=\"init\">\n<fieldset class=\"hidden-fields-container\"><input type=\"hidden\" name=\"_wpcf7\" value=\"5\" \/><input type=\"hidden\" name=\"_wpcf7_version\" value=\"6.1.5\" \/><input type=\"hidden\" name=\"_wpcf7_locale\" value=\"pt_BR\" \/><input type=\"hidden\" name=\"_wpcf7_unit_tag\" value=\"wpcf7-f5-o1\" \/><input type=\"hidden\" name=\"_wpcf7_container_post\" value=\"0\" \/><input type=\"hidden\" name=\"_wpcf7_posted_data_hash\" value=\"\" \/>\n<\/fieldset>\n<p><label> Seu nome<br \/>\n<span class=\"wpcf7-form-control-wrap\" data-name=\"your-name\"><input size=\"40\" maxlength=\"400\" class=\"wpcf7-form-control wpcf7-text wpcf7-validates-as-required\" autocomplete=\"name\" aria-required=\"true\" aria-invalid=\"false\" value=\"\" type=\"text\" name=\"your-name\" \/><\/span> <\/label>\n<\/p>\n<p><label> Seu e-mail<br \/>\n<span class=\"wpcf7-form-control-wrap\" data-name=\"your-email\"><input size=\"40\" maxlength=\"400\" class=\"wpcf7-form-control wpcf7-email wpcf7-validates-as-required wpcf7-text wpcf7-validates-as-email\" autocomplete=\"email\" aria-required=\"true\" aria-invalid=\"false\" value=\"\" type=\"email\" name=\"your-email\" \/><\/span> <\/label>\n<\/p>\n<p><label> Assunto<br \/>\n<span class=\"wpcf7-form-control-wrap\" data-name=\"your-subject\"><input size=\"40\" maxlength=\"400\" class=\"wpcf7-form-control wpcf7-text wpcf7-validates-as-required\" aria-required=\"true\" aria-invalid=\"false\" value=\"\" type=\"text\" name=\"your-subject\" \/><\/span> <\/label>\n<\/p>\n<p><label> Sua mensagem (opcional)<br \/>\n<span class=\"wpcf7-form-control-wrap\" data-name=\"your-message\"><textarea cols=\"40\" rows=\"10\" maxlength=\"2000\" class=\"wpcf7-form-control wpcf7-textarea\" aria-invalid=\"false\" name=\"your-message\"><\/textarea><\/span> <\/label>\n<\/p>\n<p><input class=\"wpcf7-form-control wpcf7-submit has-spinner\" type=\"submit\" value=\"Enviar\" \/>\n<\/p><div class=\"wpcf7-response-output\" aria-hidden=\"true\"><\/div>\n<\/form>\n<\/div>\n<\/div>\t\t\t\t<\/div>\n\t\t\t\t<\/div>\n\t\t\t\t\t<\/div>\n\t\t<\/div>\n\t\t\t\t\t<\/div>\n\t\t<\/section>\n\t\t\t\t<section class=\"elementor-section elementor-top-section elementor-element elementor-element-90107bc elementor-section-full_width elementor-section-height-default elementor-section-height-default wpr-particle-no wpr-jarallax-no wpr-parallax-no wpr-sticky-section-no wpr-equal-height-no\" data-id=\"90107bc\" data-element_type=\"section\" data-e-type=\"section\">\n\t\t\t\t\t\t<div class=\"elementor-container elementor-column-gap-no\">\n\t\t\t\t\t<div class=\"elementor-column elementor-col-100 elementor-top-column elementor-element elementor-element-6a1bc07\" data-id=\"6a1bc07\" data-element_type=\"column\" data-e-type=\"column\">\n\t\t\t<div class=\"elementor-widget-wrap elementor-element-populated\">\n\t\t\t\t\t\t<div class=\"elementor-element elementor-element-72f7ea2 elementor-widget elementor-widget-image\" data-id=\"72f7ea2\" data-element_type=\"widget\" data-e-type=\"widget\" data-widget_type=\"image.default\">\n\t\t\t\t<div class=\"elementor-widget-container\">\n\t\t\t\t\t\t\t\t\t\t\t\t\t\t\t<img fetchpriority=\"high\" decoding=\"async\" width=\"1838\" height=\"515\" src=\"https:\/\/volponadvocacia.com.br\/wp-content\/uploads\/2023\/03\/Mapa.png\" class=\"attachment-2048x2048 size-2048x2048 wp-image-1131\" alt=\"\" srcset=\"https:\/\/volponadvocacia.com.br\/wp-content\/uploads\/2023\/03\/Mapa.png 1838w, https:\/\/volponadvocacia.com.br\/wp-content\/uploads\/2023\/03\/Mapa-300x84.png 300w, https:\/\/volponadvocacia.com.br\/wp-content\/uploads\/2023\/03\/Mapa-1024x287.png 1024w, https:\/\/volponadvocacia.com.br\/wp-content\/uploads\/2023\/03\/Mapa-768x215.png 768w, https:\/\/volponadvocacia.com.br\/wp-content\/uploads\/2023\/03\/Mapa-1536x430.png 1536w\" sizes=\"(max-width: 1838px) 100vw, 1838px\" \/>\t\t\t\t\t\t\t\t\t\t\t\t\t\t\t<\/div>\n\t\t\t\t<\/div>\n\t\t\t\t\t<\/div>\n\t\t<\/div>\n\t\t\t\t\t<\/div>\n\t\t<\/section>\n\t\t\t\t<section class=\"elementor-section elementor-top-section elementor-element elementor-element-0801d01 elementor-section-boxed elementor-section-height-default elementor-section-height-default wpr-particle-no wpr-jarallax-no wpr-parallax-no wpr-sticky-section-no wpr-equal-height-no\" data-id=\"0801d01\" data-element_type=\"section\" data-e-type=\"section\">\n\t\t\t\t\t\t<div class=\"elementor-container elementor-column-gap-default\">\n\t\t\t\t\t<div class=\"elementor-column elementor-col-100 elementor-top-column elementor-element elementor-element-289ce1b\" data-id=\"289ce1b\" data-element_type=\"column\" data-e-type=\"column\">\n\t\t\t<div class=\"elementor-widget-wrap elementor-element-populated\">\n\t\t\t\t\t\t<div class=\"elementor-element elementor-element-846e7c8 elementor-widget elementor-widget-spacer\" data-id=\"846e7c8\" data-element_type=\"widget\" data-e-type=\"widget\" data-widget_type=\"spacer.default\">\n\t\t\t\t<div class=\"elementor-widget-container\">\n\t\t\t\t\t\t\t<div class=\"elementor-spacer\">\n\t\t\t<div class=\"elementor-spacer-inner\"><\/div>\n\t\t<\/div>\n\t\t\t\t\t\t<\/div>\n\t\t\t\t<\/div>\n\t\t\t\t\t<\/div>\n\t\t<\/div>\n\t\t\t\t\t<\/div>\n\t\t<\/section>\n\t\t\t\t<\/div>\n\t\t","protected":false},"excerpt":{"rendered":"<p>Contato ENTRE EM CONTATO Preencha o formul\u00e1rio ao lado e nossa equipe entrar\u00e1 em contato com voc\u00ea em breve. Estamos prontos para oferecer o suporte jur\u00eddico que voc\u00ea precisa, com agilidade e aten\u00e7\u00e3o personalizada. Volpon Advocacia &#8211; Ribeir\u00e3o Preto SP (16) 99743-0410 (16) 3916-9494 admvolpon@volponadvocacia.com.br financeirovolpon@volponadvocacia.com.br Av. Senador Cesar Vergueiro, 480 &#8211; sala 24 e 30 &#8211; Ribeir\u00e3o Preto &#8211; SP Seu nome Seu e-mail Assunto Sua mensagem (opcional)<\/p>\n","protected":false},"author":1,"featured_media":0,"parent":0,"menu_order":0,"comment_status":"closed","ping_status":"closed","template":"elementor_canvas","meta":{"footnotes":""},"class_list":["post-12","page","type-page","status-publish","hentry"],"yoast_head":"<!-- This site is optimized with the Yoast SEO plugin v27.4 - https:\/\/yoast.com\/product\/yoast-seo-wordpress\/ -->\n<title>Contato - Volpon Advocacia<\/title>\n<meta name=\"robots\" content=\"index, follow, max-snippet:-1, max-image-preview:large, max-video-preview:-1\" \/>\n<link rel=\"canonical\" href=\"https:\/\/volponadvocacia.com.br\/index.php\/contato\/\" \/>\n<meta property=\"og:locale\" content=\"pt_BR\" \/>\n<meta property=\"og:type\" content=\"article\" \/>\n<meta property=\"og:title\" content=\"Contato - Volpon Advocacia\" \/>\n<meta property=\"og:description\" content=\"Contato ENTRE EM CONTATO Preencha o formul\u00e1rio ao lado e nossa equipe entrar\u00e1 em contato com voc\u00ea em breve. Estamos prontos para oferecer o suporte jur\u00eddico que voc\u00ea precisa, com agilidade e aten\u00e7\u00e3o personalizada. Volpon Advocacia &#8211; Ribeir\u00e3o Preto SP (16) 99743-0410 (16) 3916-9494 admvolpon@volponadvocacia.com.br financeirovolpon@volponadvocacia.com.br Av. Senador Cesar Vergueiro, 480 &#8211; sala 24 e 30 &#8211; Ribeir\u00e3o Preto &#8211; SP Seu nome Seu e-mail Assunto Sua mensagem (opcional)\" \/>\n<meta property=\"og:url\" content=\"https:\/\/volponadvocacia.com.br\/index.php\/contato\/\" \/>\n<meta property=\"og:site_name\" content=\"Volpon Advocacia\" \/>\n<meta property=\"article:modified_time\" content=\"2025-09-16T19:40:07+00:00\" \/>\n<meta property=\"og:image\" content=\"https:\/\/volponadvocacia.com.br\/wp-content\/uploads\/2023\/03\/Mapa.png\" \/>\n\t<meta property=\"og:image:width\" content=\"1838\" \/>\n\t<meta property=\"og:image:height\" content=\"515\" \/>\n\t<meta property=\"og:image:type\" content=\"image\/png\" \/>\n<meta name=\"twitter:card\" content=\"summary_large_image\" \/>\n<meta name=\"twitter:label1\" content=\"Est. tempo de leitura\" \/>\n\t<meta name=\"twitter:data1\" content=\"1 minuto\" \/>\n<script type=\"application\/ld+json\" class=\"yoast-schema-graph\">{\"@context\":\"https:\\\/\\\/schema.org\",\"@graph\":[{\"@type\":\"WebPage\",\"@id\":\"https:\\\/\\\/volponadvocacia.com.br\\\/index.php\\\/contato\\\/\",\"url\":\"https:\\\/\\\/volponadvocacia.com.br\\\/index.php\\\/contato\\\/\",\"name\":\"Contato - Volpon Advocacia\",\"isPartOf\":{\"@id\":\"https:\\\/\\\/volponadvocacia.com.br\\\/#website\"},\"primaryImageOfPage\":{\"@id\":\"https:\\\/\\\/volponadvocacia.com.br\\\/index.php\\\/contato\\\/#primaryimage\"},\"image\":{\"@id\":\"https:\\\/\\\/volponadvocacia.com.br\\\/index.php\\\/contato\\\/#primaryimage\"},\"thumbnailUrl\":\"https:\\\/\\\/volponadvocacia.com.br\\\/wp-content\\\/uploads\\\/2023\\\/03\\\/Mapa.png\",\"datePublished\":\"2023-01-24T11:09:55+00:00\",\"dateModified\":\"2025-09-16T19:40:07+00:00\",\"breadcrumb\":{\"@id\":\"https:\\\/\\\/volponadvocacia.com.br\\\/index.php\\\/contato\\\/#breadcrumb\"},\"inLanguage\":\"pt-BR\",\"potentialAction\":[{\"@type\":\"ReadAction\",\"target\":[\"https:\\\/\\\/volponadvocacia.com.br\\\/index.php\\\/contato\\\/\"]}]},{\"@type\":\"ImageObject\",\"inLanguage\":\"pt-BR\",\"@id\":\"https:\\\/\\\/volponadvocacia.com.br\\\/index.php\\\/contato\\\/#primaryimage\",\"url\":\"https:\\\/\\\/volponadvocacia.com.br\\\/wp-content\\\/uploads\\\/2023\\\/03\\\/Mapa.png\",\"contentUrl\":\"https:\\\/\\\/volponadvocacia.com.br\\\/wp-content\\\/uploads\\\/2023\\\/03\\\/Mapa.png\",\"width\":1838,\"height\":515},{\"@type\":\"BreadcrumbList\",\"@id\":\"https:\\\/\\\/volponadvocacia.com.br\\\/index.php\\\/contato\\\/#breadcrumb\",\"itemListElement\":[{\"@type\":\"ListItem\",\"position\":1,\"name\":\"In\u00edcio\",\"item\":\"https:\\\/\\\/volponadvocacia.com.br\\\/\"},{\"@type\":\"ListItem\",\"position\":2,\"name\":\"Contato\"}]},{\"@type\":\"WebSite\",\"@id\":\"https:\\\/\\\/volponadvocacia.com.br\\\/#website\",\"url\":\"https:\\\/\\\/volponadvocacia.com.br\\\/\",\"name\":\"Volpon Advocacia\",\"description\":\"\",\"publisher\":{\"@id\":\"https:\\\/\\\/volponadvocacia.com.br\\\/#organization\"},\"potentialAction\":[{\"@type\":\"SearchAction\",\"target\":{\"@type\":\"EntryPoint\",\"urlTemplate\":\"https:\\\/\\\/volponadvocacia.com.br\\\/?s={search_term_string}\"},\"query-input\":{\"@type\":\"PropertyValueSpecification\",\"valueRequired\":true,\"valueName\":\"search_term_string\"}}],\"inLanguage\":\"pt-BR\"},{\"@type\":\"Organization\",\"@id\":\"https:\\\/\\\/volponadvocacia.com.br\\\/#organization\",\"name\":\"Volpon Advocacia\",\"url\":\"https:\\\/\\\/volponadvocacia.com.br\\\/\",\"logo\":{\"@type\":\"ImageObject\",\"inLanguage\":\"pt-BR\",\"@id\":\"https:\\\/\\\/volponadvocacia.com.br\\\/#\\\/schema\\\/logo\\\/image\\\/\",\"url\":\"https:\\\/\\\/volponadvocacia.com.br\\\/wp-content\\\/uploads\\\/2023\\\/03\\\/cropped-Logo-basica.png\",\"contentUrl\":\"https:\\\/\\\/volponadvocacia.com.br\\\/wp-content\\\/uploads\\\/2023\\\/03\\\/cropped-Logo-basica.png\",\"width\":1080,\"height\":1080,\"caption\":\"Volpon Advocacia\"},\"image\":{\"@id\":\"https:\\\/\\\/volponadvocacia.com.br\\\/#\\\/schema\\\/logo\\\/image\\\/\"}}]}<\/script>\n<!-- \/ Yoast SEO plugin. -->","yoast_head_json":{"title":"Contato - Volpon Advocacia","robots":{"index":"index","follow":"follow","max-snippet":"max-snippet:-1","max-image-preview":"max-image-preview:large","max-video-preview":"max-video-preview:-1"},"canonical":"https:\/\/volponadvocacia.com.br\/index.php\/contato\/","og_locale":"pt_BR","og_type":"article","og_title":"Contato - Volpon Advocacia","og_description":"Contato ENTRE EM CONTATO Preencha o formul\u00e1rio ao lado e nossa equipe entrar\u00e1 em contato com voc\u00ea em breve. Estamos prontos para oferecer o suporte jur\u00eddico que voc\u00ea precisa, com agilidade e aten\u00e7\u00e3o personalizada. Volpon Advocacia &#8211; Ribeir\u00e3o Preto SP (16) 99743-0410 (16) 3916-9494 admvolpon@volponadvocacia.com.br financeirovolpon@volponadvocacia.com.br Av. Senador Cesar Vergueiro, 480 &#8211; sala 24 e 30 &#8211; Ribeir\u00e3o Preto &#8211; SP Seu nome Seu e-mail Assunto Sua mensagem (opcional)","og_url":"https:\/\/volponadvocacia.com.br\/index.php\/contato\/","og_site_name":"Volpon Advocacia","article_modified_time":"2025-09-16T19:40:07+00:00","og_image":[{"width":1838,"height":515,"url":"https:\/\/volponadvocacia.com.br\/wp-content\/uploads\/2023\/03\/Mapa.png","type":"image\/png"}],"twitter_card":"summary_large_image","twitter_misc":{"Est. tempo de leitura":"1 minuto"},"schema":{"@context":"https:\/\/schema.org","@graph":[{"@type":"WebPage","@id":"https:\/\/volponadvocacia.com.br\/index.php\/contato\/","url":"https:\/\/volponadvocacia.com.br\/index.php\/contato\/","name":"Contato - Volpon Advocacia","isPartOf":{"@id":"https:\/\/volponadvocacia.com.br\/#website"},"primaryImageOfPage":{"@id":"https:\/\/volponadvocacia.com.br\/index.php\/contato\/#primaryimage"},"image":{"@id":"https:\/\/volponadvocacia.com.br\/index.php\/contato\/#primaryimage"},"thumbnailUrl":"https:\/\/volponadvocacia.com.br\/wp-content\/uploads\/2023\/03\/Mapa.png","datePublished":"2023-01-24T11:09:55+00:00","dateModified":"2025-09-16T19:40:07+00:00","breadcrumb":{"@id":"https:\/\/volponadvocacia.com.br\/index.php\/contato\/#breadcrumb"},"inLanguage":"pt-BR","potentialAction":[{"@type":"ReadAction","target":["https:\/\/volponadvocacia.com.br\/index.php\/contato\/"]}]},{"@type":"ImageObject","inLanguage":"pt-BR","@id":"https:\/\/volponadvocacia.com.br\/index.php\/contato\/#primaryimage","url":"https:\/\/volponadvocacia.com.br\/wp-content\/uploads\/2023\/03\/Mapa.png","contentUrl":"https:\/\/volponadvocacia.com.br\/wp-content\/uploads\/2023\/03\/Mapa.png","width":1838,"height":515},{"@type":"BreadcrumbList","@id":"https:\/\/volponadvocacia.com.br\/index.php\/contato\/#breadcrumb","itemListElement":[{"@type":"ListItem","position":1,"name":"In\u00edcio","item":"https:\/\/volponadvocacia.com.br\/"},{"@type":"ListItem","position":2,"name":"Contato"}]},{"@type":"WebSite","@id":"https:\/\/volponadvocacia.com.br\/#website","url":"https:\/\/volponadvocacia.com.br\/","name":"Volpon Advocacia","description":"","publisher":{"@id":"https:\/\/volponadvocacia.com.br\/#organization"},"potentialAction":[{"@type":"SearchAction","target":{"@type":"EntryPoint","urlTemplate":"https:\/\/volponadvocacia.com.br\/?s={search_term_string}"},"query-input":{"@type":"PropertyValueSpecification","valueRequired":true,"valueName":"search_term_string"}}],"inLanguage":"pt-BR"},{"@type":"Organization","@id":"https:\/\/volponadvocacia.com.br\/#organization","name":"Volpon Advocacia","url":"https:\/\/volponadvocacia.com.br\/","logo":{"@type":"ImageObject","inLanguage":"pt-BR","@id":"https:\/\/volponadvocacia.com.br\/#\/schema\/logo\/image\/","url":"https:\/\/volponadvocacia.com.br\/wp-content\/uploads\/2023\/03\/cropped-Logo-basica.png","contentUrl":"https:\/\/volponadvocacia.com.br\/wp-content\/uploads\/2023\/03\/cropped-Logo-basica.png","width":1080,"height":1080,"caption":"Volpon Advocacia"},"image":{"@id":"https:\/\/volponadvocacia.com.br\/#\/schema\/logo\/image\/"}}]}},"_links":{"self":[{"href":"https:\/\/volponadvocacia.com.br\/index.php\/wp-json\/wp\/v2\/pages\/12","targetHints":{"allow":["GET"]}}],"collection":[{"href":"https:\/\/volponadvocacia.com.br\/index.php\/wp-json\/wp\/v2\/pages"}],"about":[{"href":"https:\/\/volponadvocacia.com.br\/index.php\/wp-json\/wp\/v2\/types\/page"}],"author":[{"embeddable":true,"href":"https:\/\/volponadvocacia.com.br\/index.php\/wp-json\/wp\/v2\/users\/1"}],"replies":[{"embeddable":true,"href":"https:\/\/volponadvocacia.com.br\/index.php\/wp-json\/wp\/v2\/comments?post=12"}],"version-history":[{"count":62,"href":"https:\/\/volponadvocacia.com.br\/index.php\/wp-json\/wp\/v2\/pages\/12\/revisions"}],"predecessor-version":[{"id":3097,"href":"https:\/\/volponadvocacia.com.br\/index.php\/wp-json\/wp\/v2\/pages\/12\/revisions\/3097"}],"wp:attachment":[{"href":"https:\/\/volponadvocacia.com.br\/index.php\/wp-json\/wp\/v2\/media?parent=12"}],"curies":[{"name":"wp","href":"https:\/\/api.w.org\/{rel}","templated":true}]}}