{"id":2789,"date":"2025-06-17T17:36:59","date_gmt":"2025-06-17T20:36:59","guid":{"rendered":"https:\/\/volponadvocacia.com.br\/?page_id=2789"},"modified":"2025-06-18T09:57:40","modified_gmt":"2025-06-18T12:57:40","slug":"ouvidoria","status":"publish","type":"page","link":"https:\/\/volponadvocacia.com.br\/index.php\/ouvidoria\/","title":{"rendered":"Ouvidoria"},"content":{"rendered":"\t\t<div data-elementor-type=\"wp-page\" data-elementor-id=\"2789\" class=\"elementor elementor-2789\">\n\t\t\t\t\t\t<section class=\"elementor-section elementor-top-section elementor-element elementor-element-5cbfc50e elementor-section-height-min-height elementor-section-boxed elementor-section-height-default elementor-section-items-middle wpr-particle-no wpr-jarallax-no wpr-parallax-no wpr-sticky-section-no wpr-equal-height-no\" data-id=\"5cbfc50e\" data-element_type=\"section\" data-e-type=\"section\" data-settings=\"{&quot;background_background&quot;:&quot;classic&quot;,&quot;shape_divider_bottom&quot;:&quot;tilt&quot;}\">\n\t\t\t\t\t\t\t<div class=\"elementor-background-overlay\"><\/div>\n\t\t\t\t\t\t<div class=\"elementor-shape elementor-shape-bottom\" aria-hidden=\"true\" data-negative=\"false\">\n\t\t\t<svg xmlns=\"http:\/\/www.w3.org\/2000\/svg\" viewBox=\"0 0 1000 100\" preserveAspectRatio=\"none\">\n\t<path class=\"elementor-shape-fill\" d=\"M0,6V0h1000v100L0,6z\"\/>\n<\/svg>\t\t<\/div>\n\t\t\t\t\t<div class=\"elementor-container elementor-column-gap-default\">\n\t\t\t\t\t<div class=\"elementor-column elementor-col-100 elementor-top-column elementor-element elementor-element-628e6139\" data-id=\"628e6139\" data-element_type=\"column\" data-e-type=\"column\">\n\t\t\t<div class=\"elementor-widget-wrap elementor-element-populated\">\n\t\t\t\t\t\t<div class=\"elementor-element elementor-element-5304f197 elementor-widget elementor-widget-heading\" data-id=\"5304f197\" data-element_type=\"widget\" data-e-type=\"widget\" data-widget_type=\"heading.default\">\n\t\t\t\t<div class=\"elementor-widget-container\">\n\t\t\t\t\t<h2 class=\"elementor-heading-title elementor-size-default\">OUVIDORIA<\/h2>\t\t\t\t<\/div>\n\t\t\t\t<\/div>\n\t\t\t\t\t<\/div>\n\t\t<\/div>\n\t\t\t\t\t<\/div>\n\t\t<\/section>\n\t\t\t\t<section class=\"elementor-section elementor-top-section elementor-element elementor-element-5257e38 elementor-section-boxed elementor-section-height-default elementor-section-height-default wpr-particle-no wpr-jarallax-no wpr-parallax-no wpr-sticky-section-no wpr-equal-height-no elementor-invisible\" data-id=\"5257e38\" data-element_type=\"section\" data-e-type=\"section\" data-settings=\"{&quot;animation&quot;:&quot;fadeIn&quot;}\">\n\t\t\t\t\t\t<div class=\"elementor-container elementor-column-gap-default\">\n\t\t\t\t\t<div class=\"elementor-column elementor-col-50 elementor-top-column elementor-element elementor-element-90aec50\" data-id=\"90aec50\" data-element_type=\"column\" data-e-type=\"column\">\n\t\t\t<div class=\"elementor-widget-wrap elementor-element-populated\">\n\t\t\t\t\t\t<div class=\"elementor-element elementor-element-937c894 elementor-widget elementor-widget-heading\" data-id=\"937c894\" data-element_type=\"widget\" data-e-type=\"widget\" data-widget_type=\"heading.default\">\n\t\t\t\t<div class=\"elementor-widget-container\">\n\t\t\t\t\t<h2 class=\"elementor-heading-title elementor-size-default\">Volpon Advocacia - Ribeir\u00e3o Preto SP<\/h2>\t\t\t\t<\/div>\n\t\t\t\t<\/div>\n\t\t\t\t<div class=\"elementor-element elementor-element-734b2f73 elementor-widget elementor-widget-text-editor\" data-id=\"734b2f73\" data-element_type=\"widget\" data-e-type=\"widget\" data-widget_type=\"text-editor.default\">\n\t\t\t\t<div class=\"elementor-widget-container\">\n\t\t\t\t\t\t\t\t\t<p>Nosso compromisso \u00e9 oferecer um espa\u00e7o seguro e totalmente an\u00f4nimo para o relato de situa\u00e7\u00f5es, den\u00fancias e experi\u00eancias relacionadas ao ambiente corporativo. Seja para avaliar nossas empresas, servi\u00e7os ou condi\u00e7\u00f5es de trabalho, sua manifesta\u00e7\u00e3o pode contribuir para a promo\u00e7\u00e3o da justi\u00e7a e a constru\u00e7\u00e3o de ambientes mais \u00e9ticos e respeitosos.<\/p><p><br \/>Acreditamos na import\u00e2ncia de dar voz a quem enfrenta desafios e injusti\u00e7as. Seu relato pode ser um agente de mudan\u00e7a, auxiliando na corre\u00e7\u00e3o de irregularidades e na defesa dos seus direitos.<\/p><p><br \/>Denuncie, compartilhe sua experi\u00eancia ou registre sua opini\u00e3o com total confidencialidade. Na Volpon Advocacia, sua voz \u00e9 respeitada e protegida.<\/p><p><!-- \/wp:paragraph --><\/p>\t\t\t\t\t\t\t\t<\/div>\n\t\t\t\t<\/div>\n\t\t\t\t\t<\/div>\n\t\t<\/div>\n\t\t\t\t<div class=\"elementor-column elementor-col-50 elementor-top-column elementor-element elementor-element-75276e5\" data-id=\"75276e5\" data-element_type=\"column\" data-e-type=\"column\" data-settings=\"{&quot;background_background&quot;:&quot;classic&quot;}\">\n\t\t\t<div class=\"elementor-widget-wrap elementor-element-populated\">\n\t\t\t\t\t\t<div class=\"elementor-element elementor-element-d1aa693 elementor-widget elementor-widget-heading\" data-id=\"d1aa693\" data-element_type=\"widget\" data-e-type=\"widget\" data-widget_type=\"heading.default\">\n\t\t\t\t<div class=\"elementor-widget-container\">\n\t\t\t\t\t<h2 class=\"elementor-heading-title elementor-size-default\">Envie sua mensagem an\u00f4nimamente<\/h2>\t\t\t\t<\/div>\n\t\t\t\t<\/div>\n\t\t\t\t<div class=\"elementor-element elementor-element-36cba91 wpr-forms-submit-justify wpr-forms-align-left elementor-widget elementor-widget-wpr-forms\" data-id=\"36cba91\" data-element_type=\"widget\" data-e-type=\"widget\" data-widget_type=\"wpr-forms.default\">\n\t\t\t\t<div class=\"elementor-widget-container\">\n\t\t\t\t\t<div class=\"wpr-forms-container wpr-custom-chk-radio\">\n<div class=\"wpcf7 no-js\" id=\"wpcf7-f2792-o1\" lang=\"pt-BR\" dir=\"ltr\" data-wpcf7-id=\"2792\">\n<div class=\"screen-reader-response\"><p role=\"status\" aria-live=\"polite\" aria-atomic=\"true\"><\/p> <ul><\/ul><\/div>\n<form action=\"\/index.php\/wp-json\/wp\/v2\/pages\/2789#wpcf7-f2792-o1\" method=\"post\" class=\"wpcf7-form init\" aria-label=\"Formul\u00e1rios de contato\" novalidate=\"novalidate\" data-status=\"init\">\n<fieldset class=\"hidden-fields-container\"><input type=\"hidden\" name=\"_wpcf7\" value=\"2792\" \/><input type=\"hidden\" name=\"_wpcf7_version\" value=\"6.1.5\" \/><input type=\"hidden\" name=\"_wpcf7_locale\" value=\"pt_BR\" \/><input type=\"hidden\" name=\"_wpcf7_unit_tag\" value=\"wpcf7-f2792-o1\" \/><input type=\"hidden\" name=\"_wpcf7_container_post\" value=\"0\" \/><input type=\"hidden\" name=\"_wpcf7_posted_data_hash\" value=\"\" \/>\n<\/fieldset>\n<p><label> Assunto<br \/>\n<span class=\"wpcf7-form-control-wrap\" data-name=\"your-subject\"><input size=\"40\" maxlength=\"400\" class=\"wpcf7-form-control wpcf7-text wpcf7-validates-as-required\" aria-required=\"true\" aria-invalid=\"false\" value=\"\" type=\"text\" name=\"your-subject\" \/><\/span> <\/label>\n<\/p>\n<p><label> Sua mensagem<br \/>\n<span class=\"wpcf7-form-control-wrap\" data-name=\"your-message\"><textarea cols=\"40\" rows=\"10\" maxlength=\"2000\" class=\"wpcf7-form-control wpcf7-textarea\" aria-invalid=\"false\" name=\"your-message\"><\/textarea><\/span> <\/label>\n<\/p>\n<p><input class=\"wpcf7-form-control wpcf7-submit has-spinner\" type=\"submit\" value=\"Enviar\" \/>\n<\/p><div class=\"wpcf7-response-output\" aria-hidden=\"true\"><\/div>\n<\/form>\n<\/div>\n<\/div>\t\t\t\t<\/div>\n\t\t\t\t<\/div>\n\t\t\t\t\t<\/div>\n\t\t<\/div>\n\t\t\t\t\t<\/div>\n\t\t<\/section>\n\t\t\t\t<section class=\"elementor-section elementor-top-section elementor-element elementor-element-61ec11b7 elementor-section-full_width elementor-section-height-default elementor-section-height-default wpr-particle-no wpr-jarallax-no wpr-parallax-no wpr-sticky-section-no wpr-equal-height-no\" data-id=\"61ec11b7\" data-element_type=\"section\" data-e-type=\"section\">\n\t\t\t\t\t\t<div class=\"elementor-container elementor-column-gap-no\">\n\t\t\t\t\t<div class=\"elementor-column elementor-col-100 elementor-top-column elementor-element elementor-element-58acd9f6\" data-id=\"58acd9f6\" data-element_type=\"column\" data-e-type=\"column\">\n\t\t\t<div class=\"elementor-widget-wrap\">\n\t\t\t\t\t\t\t<\/div>\n\t\t<\/div>\n\t\t\t\t\t<\/div>\n\t\t<\/section>\n\t\t\t\t<section class=\"elementor-section elementor-top-section elementor-element elementor-element-4ccd6188 elementor-section-boxed elementor-section-height-default elementor-section-height-default wpr-particle-no wpr-jarallax-no wpr-parallax-no wpr-sticky-section-no wpr-equal-height-no\" data-id=\"4ccd6188\" data-element_type=\"section\" data-e-type=\"section\">\n\t\t\t\t\t\t<div class=\"elementor-container elementor-column-gap-default\">\n\t\t\t\t\t<div class=\"elementor-column elementor-col-100 elementor-top-column elementor-element elementor-element-18946517\" data-id=\"18946517\" data-element_type=\"column\" data-e-type=\"column\">\n\t\t\t<div class=\"elementor-widget-wrap elementor-element-populated\">\n\t\t\t\t\t\t<div class=\"elementor-element elementor-element-3939becc elementor-widget elementor-widget-spacer\" data-id=\"3939becc\" data-element_type=\"widget\" data-e-type=\"widget\" data-widget_type=\"spacer.default\">\n\t\t\t\t<div class=\"elementor-widget-container\">\n\t\t\t\t\t\t\t<div class=\"elementor-spacer\">\n\t\t\t<div class=\"elementor-spacer-inner\"><\/div>\n\t\t<\/div>\n\t\t\t\t\t\t<\/div>\n\t\t\t\t<\/div>\n\t\t\t\t\t<\/div>\n\t\t<\/div>\n\t\t\t\t\t<\/div>\n\t\t<\/section>\n\t\t\t\t<\/div>\n\t\t","protected":false},"excerpt":{"rendered":"<p>OUVIDORIA Volpon Advocacia &#8211; Ribeir\u00e3o Preto SP Nosso compromisso \u00e9 oferecer um espa\u00e7o seguro e totalmente an\u00f4nimo para o relato de situa\u00e7\u00f5es, den\u00fancias e experi\u00eancias relacionadas ao ambiente corporativo. Seja para avaliar nossas empresas, servi\u00e7os ou condi\u00e7\u00f5es de trabalho, sua manifesta\u00e7\u00e3o pode contribuir para a promo\u00e7\u00e3o da justi\u00e7a e a constru\u00e7\u00e3o de ambientes mais \u00e9ticos e respeitosos. Acreditamos na import\u00e2ncia de dar voz a quem enfrenta desafios e injusti\u00e7as. Seu relato pode ser um agente de mudan\u00e7a, auxiliando na corre\u00e7\u00e3o de irregularidades e na defesa dos seus direitos. Denuncie, compartilhe sua experi\u00eancia ou registre sua opini\u00e3o com total confidencialidade. Na Volpon Advocacia, sua voz \u00e9 respeitada e protegida. Envie sua mensagem an\u00f4nimamente Assunto Sua mensagem<\/p>\n","protected":false},"author":1,"featured_media":0,"parent":0,"menu_order":0,"comment_status":"closed","ping_status":"closed","template":"elementor_canvas","meta":{"footnotes":""},"class_list":["post-2789","page","type-page","status-publish","hentry"],"yoast_head":"<!-- This site is optimized with the Yoast SEO plugin v27.4 - https:\/\/yoast.com\/product\/yoast-seo-wordpress\/ -->\n<title>Ouvidoria - Volpon Advocacia<\/title>\n<meta name=\"robots\" content=\"index, follow, max-snippet:-1, max-image-preview:large, max-video-preview:-1\" \/>\n<link rel=\"canonical\" href=\"https:\/\/volponadvocacia.com.br\/index.php\/ouvidoria\/\" \/>\n<meta property=\"og:locale\" content=\"pt_BR\" \/>\n<meta property=\"og:type\" content=\"article\" \/>\n<meta property=\"og:title\" content=\"Ouvidoria - Volpon Advocacia\" \/>\n<meta property=\"og:description\" content=\"OUVIDORIA Volpon Advocacia &#8211; Ribeir\u00e3o Preto SP Nosso compromisso \u00e9 oferecer um espa\u00e7o seguro e totalmente an\u00f4nimo para o relato de situa\u00e7\u00f5es, den\u00fancias e experi\u00eancias relacionadas ao ambiente corporativo. Seja para avaliar nossas empresas, servi\u00e7os ou condi\u00e7\u00f5es de trabalho, sua manifesta\u00e7\u00e3o pode contribuir para a promo\u00e7\u00e3o da justi\u00e7a e a constru\u00e7\u00e3o de ambientes mais \u00e9ticos e respeitosos. Acreditamos na import\u00e2ncia de dar voz a quem enfrenta desafios e injusti\u00e7as. Seu relato pode ser um agente de mudan\u00e7a, auxiliando na corre\u00e7\u00e3o de irregularidades e na defesa dos seus direitos. Denuncie, compartilhe sua experi\u00eancia ou registre sua opini\u00e3o com total confidencialidade. Na Volpon Advocacia, sua voz \u00e9 respeitada e protegida. Envie sua mensagem an\u00f4nimamente Assunto Sua mensagem\" \/>\n<meta property=\"og:url\" content=\"https:\/\/volponadvocacia.com.br\/index.php\/ouvidoria\/\" \/>\n<meta property=\"og:site_name\" content=\"Volpon Advocacia\" \/>\n<meta property=\"article:modified_time\" content=\"2025-06-18T12:57:40+00:00\" \/>\n<meta name=\"twitter:card\" content=\"summary_large_image\" \/>\n<meta name=\"twitter:label1\" content=\"Est. tempo de leitura\" \/>\n\t<meta name=\"twitter:data1\" content=\"1 minuto\" \/>\n<script type=\"application\/ld+json\" class=\"yoast-schema-graph\">{\"@context\":\"https:\\\/\\\/schema.org\",\"@graph\":[{\"@type\":\"WebPage\",\"@id\":\"https:\\\/\\\/volponadvocacia.com.br\\\/index.php\\\/ouvidoria\\\/\",\"url\":\"https:\\\/\\\/volponadvocacia.com.br\\\/index.php\\\/ouvidoria\\\/\",\"name\":\"Ouvidoria - Volpon Advocacia\",\"isPartOf\":{\"@id\":\"https:\\\/\\\/volponadvocacia.com.br\\\/#website\"},\"datePublished\":\"2025-06-17T20:36:59+00:00\",\"dateModified\":\"2025-06-18T12:57:40+00:00\",\"breadcrumb\":{\"@id\":\"https:\\\/\\\/volponadvocacia.com.br\\\/index.php\\\/ouvidoria\\\/#breadcrumb\"},\"inLanguage\":\"pt-BR\",\"potentialAction\":[{\"@type\":\"ReadAction\",\"target\":[\"https:\\\/\\\/volponadvocacia.com.br\\\/index.php\\\/ouvidoria\\\/\"]}]},{\"@type\":\"BreadcrumbList\",\"@id\":\"https:\\\/\\\/volponadvocacia.com.br\\\/index.php\\\/ouvidoria\\\/#breadcrumb\",\"itemListElement\":[{\"@type\":\"ListItem\",\"position\":1,\"name\":\"In\u00edcio\",\"item\":\"https:\\\/\\\/volponadvocacia.com.br\\\/\"},{\"@type\":\"ListItem\",\"position\":2,\"name\":\"Ouvidoria\"}]},{\"@type\":\"WebSite\",\"@id\":\"https:\\\/\\\/volponadvocacia.com.br\\\/#website\",\"url\":\"https:\\\/\\\/volponadvocacia.com.br\\\/\",\"name\":\"Volpon Advocacia\",\"description\":\"\",\"publisher\":{\"@id\":\"https:\\\/\\\/volponadvocacia.com.br\\\/#organization\"},\"potentialAction\":[{\"@type\":\"SearchAction\",\"target\":{\"@type\":\"EntryPoint\",\"urlTemplate\":\"https:\\\/\\\/volponadvocacia.com.br\\\/?s={search_term_string}\"},\"query-input\":{\"@type\":\"PropertyValueSpecification\",\"valueRequired\":true,\"valueName\":\"search_term_string\"}}],\"inLanguage\":\"pt-BR\"},{\"@type\":\"Organization\",\"@id\":\"https:\\\/\\\/volponadvocacia.com.br\\\/#organization\",\"name\":\"Volpon Advocacia\",\"url\":\"https:\\\/\\\/volponadvocacia.com.br\\\/\",\"logo\":{\"@type\":\"ImageObject\",\"inLanguage\":\"pt-BR\",\"@id\":\"https:\\\/\\\/volponadvocacia.com.br\\\/#\\\/schema\\\/logo\\\/image\\\/\",\"url\":\"https:\\\/\\\/volponadvocacia.com.br\\\/wp-content\\\/uploads\\\/2023\\\/03\\\/cropped-Logo-basica.png\",\"contentUrl\":\"https:\\\/\\\/volponadvocacia.com.br\\\/wp-content\\\/uploads\\\/2023\\\/03\\\/cropped-Logo-basica.png\",\"width\":1080,\"height\":1080,\"caption\":\"Volpon Advocacia\"},\"image\":{\"@id\":\"https:\\\/\\\/volponadvocacia.com.br\\\/#\\\/schema\\\/logo\\\/image\\\/\"}}]}<\/script>\n<!-- \/ Yoast SEO plugin. -->","yoast_head_json":{"title":"Ouvidoria - Volpon Advocacia","robots":{"index":"index","follow":"follow","max-snippet":"max-snippet:-1","max-image-preview":"max-image-preview:large","max-video-preview":"max-video-preview:-1"},"canonical":"https:\/\/volponadvocacia.com.br\/index.php\/ouvidoria\/","og_locale":"pt_BR","og_type":"article","og_title":"Ouvidoria - Volpon Advocacia","og_description":"OUVIDORIA Volpon Advocacia &#8211; Ribeir\u00e3o Preto SP Nosso compromisso \u00e9 oferecer um espa\u00e7o seguro e totalmente an\u00f4nimo para o relato de situa\u00e7\u00f5es, den\u00fancias e experi\u00eancias relacionadas ao ambiente corporativo. Seja para avaliar nossas empresas, servi\u00e7os ou condi\u00e7\u00f5es de trabalho, sua manifesta\u00e7\u00e3o pode contribuir para a promo\u00e7\u00e3o da justi\u00e7a e a constru\u00e7\u00e3o de ambientes mais \u00e9ticos e respeitosos. Acreditamos na import\u00e2ncia de dar voz a quem enfrenta desafios e injusti\u00e7as. Seu relato pode ser um agente de mudan\u00e7a, auxiliando na corre\u00e7\u00e3o de irregularidades e na defesa dos seus direitos. Denuncie, compartilhe sua experi\u00eancia ou registre sua opini\u00e3o com total confidencialidade. Na Volpon Advocacia, sua voz \u00e9 respeitada e protegida. Envie sua mensagem an\u00f4nimamente Assunto Sua mensagem","og_url":"https:\/\/volponadvocacia.com.br\/index.php\/ouvidoria\/","og_site_name":"Volpon Advocacia","article_modified_time":"2025-06-18T12:57:40+00:00","twitter_card":"summary_large_image","twitter_misc":{"Est. tempo de leitura":"1 minuto"},"schema":{"@context":"https:\/\/schema.org","@graph":[{"@type":"WebPage","@id":"https:\/\/volponadvocacia.com.br\/index.php\/ouvidoria\/","url":"https:\/\/volponadvocacia.com.br\/index.php\/ouvidoria\/","name":"Ouvidoria - Volpon Advocacia","isPartOf":{"@id":"https:\/\/volponadvocacia.com.br\/#website"},"datePublished":"2025-06-17T20:36:59+00:00","dateModified":"2025-06-18T12:57:40+00:00","breadcrumb":{"@id":"https:\/\/volponadvocacia.com.br\/index.php\/ouvidoria\/#breadcrumb"},"inLanguage":"pt-BR","potentialAction":[{"@type":"ReadAction","target":["https:\/\/volponadvocacia.com.br\/index.php\/ouvidoria\/"]}]},{"@type":"BreadcrumbList","@id":"https:\/\/volponadvocacia.com.br\/index.php\/ouvidoria\/#breadcrumb","itemListElement":[{"@type":"ListItem","position":1,"name":"In\u00edcio","item":"https:\/\/volponadvocacia.com.br\/"},{"@type":"ListItem","position":2,"name":"Ouvidoria"}]},{"@type":"WebSite","@id":"https:\/\/volponadvocacia.com.br\/#website","url":"https:\/\/volponadvocacia.com.br\/","name":"Volpon Advocacia","description":"","publisher":{"@id":"https:\/\/volponadvocacia.com.br\/#organization"},"potentialAction":[{"@type":"SearchAction","target":{"@type":"EntryPoint","urlTemplate":"https:\/\/volponadvocacia.com.br\/?s={search_term_string}"},"query-input":{"@type":"PropertyValueSpecification","valueRequired":true,"valueName":"search_term_string"}}],"inLanguage":"pt-BR"},{"@type":"Organization","@id":"https:\/\/volponadvocacia.com.br\/#organization","name":"Volpon Advocacia","url":"https:\/\/volponadvocacia.com.br\/","logo":{"@type":"ImageObject","inLanguage":"pt-BR","@id":"https:\/\/volponadvocacia.com.br\/#\/schema\/logo\/image\/","url":"https:\/\/volponadvocacia.com.br\/wp-content\/uploads\/2023\/03\/cropped-Logo-basica.png","contentUrl":"https:\/\/volponadvocacia.com.br\/wp-content\/uploads\/2023\/03\/cropped-Logo-basica.png","width":1080,"height":1080,"caption":"Volpon Advocacia"},"image":{"@id":"https:\/\/volponadvocacia.com.br\/#\/schema\/logo\/image\/"}}]}},"_links":{"self":[{"href":"https:\/\/volponadvocacia.com.br\/index.php\/wp-json\/wp\/v2\/pages\/2789","targetHints":{"allow":["GET"]}}],"collection":[{"href":"https:\/\/volponadvocacia.com.br\/index.php\/wp-json\/wp\/v2\/pages"}],"about":[{"href":"https:\/\/volponadvocacia.com.br\/index.php\/wp-json\/wp\/v2\/types\/page"}],"author":[{"embeddable":true,"href":"https:\/\/volponadvocacia.com.br\/index.php\/wp-json\/wp\/v2\/users\/1"}],"replies":[{"embeddable":true,"href":"https:\/\/volponadvocacia.com.br\/index.php\/wp-json\/wp\/v2\/comments?post=2789"}],"version-history":[{"count":12,"href":"https:\/\/volponadvocacia.com.br\/index.php\/wp-json\/wp\/v2\/pages\/2789\/revisions"}],"predecessor-version":[{"id":2803,"href":"https:\/\/volponadvocacia.com.br\/index.php\/wp-json\/wp\/v2\/pages\/2789\/revisions\/2803"}],"wp:attachment":[{"href":"https:\/\/volponadvocacia.com.br\/index.php\/wp-json\/wp\/v2\/media?parent=2789"}],"curies":[{"name":"wp","href":"https:\/\/api.w.org\/{rel}","templated":true}]}}